{"id":15,"date":"2013-03-26T17:14:02","date_gmt":"2013-03-26T17:14:02","guid":{"rendered":"http:\/\/www.gruppopolinio.rigagialla.it\/arosiohotel\/?page_id=15"},"modified":"2016-08-09T09:58:21","modified_gmt":"2016-08-09T07:58:21","slug":"arosio-hotel","status":"publish","type":"page","link":"https:\/\/gruppoplinio.it\/arosiohotel\/arosio-hotel\/","title":{"rendered":"Arosio Hotel****"},"content":{"rendered":"<a href=\"http:\/\/gruppopliniotest.rigagialla.it\/arosiohotel\/wp-content\/uploads\/sites\/19\/2013\/03\/arosio-1.jpg\"><img loading=\"lazy\" decoding=\"async\" width=\"300\" height=\"195\" class=\"alignleft size-medium wp-image-47\" src=\"http:\/\/gruppopliniotest.rigagialla.it\/arosiohotel\/wp-content\/uploads\/sites\/19\/2013\/03\/arosio-1-300x195.jpg\" alt=\"arosio-1\" srcset=\"https:\/\/gruppoplinio.it\/arosiohotel\/wp-content\/uploads\/sites\/19\/2013\/03\/arosio-1-300x195.jpg 300w, https:\/\/gruppoplinio.it\/arosiohotel\/wp-content\/uploads\/sites\/19\/2013\/03\/arosio-1-1024x667.jpg 1024w, https:\/\/gruppoplinio.it\/arosiohotel\/wp-content\/uploads\/sites\/19\/2013\/03\/arosio-1-592x385.jpg 592w, https:\/\/gruppoplinio.it\/arosiohotel\/wp-content\/uploads\/sites\/19\/2013\/03\/arosio-1-293x190.jpg 293w, https:\/\/gruppoplinio.it\/arosiohotel\/wp-content\/uploads\/sites\/19\/2013\/03\/arosio-1-920x599.jpg 920w, https:\/\/gruppoplinio.it\/arosiohotel\/wp-content\/uploads\/sites\/19\/2013\/03\/arosio-1-1020x664.jpg 1020w, https:\/\/gruppoplinio.it\/arosiohotel\/wp-content\/uploads\/sites\/19\/2013\/03\/arosio-1.jpg 1200w\" sizes=\"auto, (max-width: 300px) 100vw, 300px\" \/><\/a>Per i manager e per un momento di evasione, Arosio Hotel**** non tradisce le aspettative. In realt\u00e0 \u00e8 uno degli Hotel quattro stelle pi\u00f9 apprezzati in Brianza, situato a met\u00e0 strada tra Milano, Lecco e Como, in un giardino sobrio ed elegante, dove d\u2019estate \u00e8 possibile trovare la piacevole zona relax e un\u2019incantevole piscina.<\/p>\n<p><em><strong>Arosio Hotel**** \u00e8 lieto di offrire ai suoi Ospiti uno sconto riservato del 15%<strong>\u00a0s<\/strong>ul men\u00f9 alla carta presso il\u00a0Ristorante\/Pizzeria Plinio 1988, adiacente alla Struttura e aperto tutti i giorni, a pranzo e a cena.<\/strong><\/em><\/p>\n<p>Il moderno Wine and Coffee Cafe Stop &amp; Go \u00e8 disponibile in ogni momento per una pausa, happy hour o per uno spuntino pomeridiano.","protected":false},"excerpt":{"rendered":"<p>Per i manager e per un momento di evasione, Arosio Hotel**** non tradisce le aspettative. In realt\u00e0 \u00e8 uno degli Hotel quattro stelle pi\u00f9 apprezzati in Brianza, situato a met\u00e0 strada tra Milano, Lecco e Como, in un giardino sobrio ed elegante, dove d\u2019estate \u00e8 possibile trovare la piacevole zona relax e un\u2019incantevole piscina. Arosio [&hellip;]<\/p>\n","protected":false},"author":3,"featured_media":0,"parent":0,"menu_order":0,"comment_status":"open","ping_status":"open","template":"template-fullwidth.php","meta":{"footnotes":""},"class_list":["post-15","page","type-page","status-publish","hentry"],"_links":{"self":[{"href":"https:\/\/gruppoplinio.it\/arosiohotel\/wp-json\/wp\/v2\/pages\/15","targetHints":{"allow":["GET"]}}],"collection":[{"href":"https:\/\/gruppoplinio.it\/arosiohotel\/wp-json\/wp\/v2\/pages"}],"about":[{"href":"https:\/\/gruppoplinio.it\/arosiohotel\/wp-json\/wp\/v2\/types\/page"}],"author":[{"embeddable":true,"href":"https:\/\/gruppoplinio.it\/arosiohotel\/wp-json\/wp\/v2\/users\/3"}],"replies":[{"embeddable":true,"href":"https:\/\/gruppoplinio.it\/arosiohotel\/wp-json\/wp\/v2\/comments?post=15"}],"version-history":[{"count":21,"href":"https:\/\/gruppoplinio.it\/arosiohotel\/wp-json\/wp\/v2\/pages\/15\/revisions"}],"predecessor-version":[{"id":401,"href":"https:\/\/gruppoplinio.it\/arosiohotel\/wp-json\/wp\/v2\/pages\/15\/revisions\/401"}],"wp:attachment":[{"href":"https:\/\/gruppoplinio.it\/arosiohotel\/wp-json\/wp\/v2\/media?parent=15"}],"curies":[{"name":"wp","href":"https:\/\/api.w.org\/{rel}","templated":true}]}}