{"id":15,"date":"2013-04-19T00:58:56","date_gmt":"2013-04-19T00:58:56","guid":{"rendered":"http:\/\/www.gruppopolinio.rigagialla.it\/mobilekitchen\/?page_id=15"},"modified":"2014-06-23T15:18:56","modified_gmt":"2014-06-23T15:18:56","slug":"gp-mobile-kitchen","status":"publish","type":"page","link":"https:\/\/gruppoplinio.it\/mobilekitchen\/gp-mobile-kitchen\/","title":{"rendered":"GP MOBILE KITCHEN"},"content":{"rendered":"<p>La <strong>GP Mobile Kitchen<\/strong> \u00e8 una cucina mobile che offre la possibilit\u00e0 di effettuare attivit\u00e0 di ristorazione ovunque! La nostra cucina mobile \u00e8 dotata di impianti gas ed elettrici che ne garantiscono una completa autonomia gestionale. E\u2019 una struttura che per dimensioni e per efficienza pu\u00f2 soddisfare numerose esigenze: il noleggio sia a breve che a lungo termine; una facile e pronta collocazione; un elevato numero di pasti con un eccezionale rapporto di produzione oraria; pronta a dare quindi una rapida risoluzione a tutte quelle situazioni dove si renda necessario un supporto di produzione culinaria esterno sia fisso che itinerante. La Gp Mobile Kitchen \u00e8 quindi una cucina professionale ideale per catering nel settore racing, sportivo, televisivo, spettacolo, eventi, manifestazioni ed emergenza.<\/p>\n<p><strong>Eventi con piccole o grandi plate :<\/strong><br \/>\n\u2022 Convention \u2022 Incentive \u2022 Racing \u2022 Giochi Olimpici \u2022 Tornei sportivi \u2022 Festival \u2022 Concerti \u2022 Matrimoni, Cene di gala; Feste di Laurea, Parties \u2026 \u2022 Manifestazioni enogastronomiche<\/p>\n<p><strong>Enti con strutture operative in difficolt\u00e0 funzionale:<\/strong><br \/>\n\u2022 Enti Istituzionali \u2022 Scuole \u2022 Servizi Mense Aziendali \u2022 Ristoranti \u2022 Hotel \u2022 Case di Riposo \u2022 Strutture Ospedaliere private o pubbliche<\/p>\n<p><strong>Staff del lavoro in esterno:<\/strong><br \/>\n\u2022 Studi Cinematografici e Televisivi \u2022 Imprese di Costruzione<\/p>\n<p><strong>Emergenze:<\/strong><br \/>\n\u2022 Enti preposti alla Protezione Civile \u2022 Esercito Italiano \u2022 Associazioni di Volontariato \u2022 Croce Rossa<\/p>\n<p><strong>Comunque Ovunque !<\/strong><br \/>\n\u2022 Piazze \u2022 Stadi \u2022 Autodromi \u2022 \u2022 Yacht Clubs Location storiche<\/p>\n<p>&nbsp;<\/p>\n<h3><strong>Cosa Offriamo<\/strong><\/h3>\n<p>\u2022 Noleggio Cucina Mobile con Autista \u2022 Disbrigo Pratiche e Autorizzazioni \u2022 Formazione del Personale \u2022 Attrezzature da cucina \u2022 Personale di cucina \u2022 Staff di sala \u2022 Operatori di servizio \u2022 Patnership con Catering \u2022 Attrezzature e Corredi per Servizio di Catering \u2022 Tensostrutture \u2022 Consulenza e Progettazione Eventi<\/p>\n<p>Lo staff del Gp mobile kitchen offre oltre al noleggio di una Cucina Mobile le competenze per l\u2019organizzazione del vostro Evento avvalendosi sia di un servizio interno che di collaborazioni altamente qualificate.<\/p>","protected":false},"excerpt":{"rendered":"<p>La GP Mobile Kitchen \u00e8 una cucina mobile che offre la possibilit\u00e0 di effettuare attivit\u00e0 di ristorazione ovunque! La nostra cucina mobile \u00e8 dotata di impianti gas ed elettrici che ne garantiscono una completa autonomia gestionale. E\u2019 una struttura che per dimensioni e per efficienza pu\u00f2 soddisfare numerose esigenze: il noleggio sia a breve che [&hellip;]<\/p>\n","protected":false},"author":3,"featured_media":0,"parent":0,"menu_order":0,"comment_status":"open","ping_status":"open","template":"template-fullwidth.php","meta":{"footnotes":""},"class_list":["post-15","page","type-page","status-publish","hentry"],"_links":{"self":[{"href":"https:\/\/gruppoplinio.it\/mobilekitchen\/wp-json\/wp\/v2\/pages\/15","targetHints":{"allow":["GET"]}}],"collection":[{"href":"https:\/\/gruppoplinio.it\/mobilekitchen\/wp-json\/wp\/v2\/pages"}],"about":[{"href":"https:\/\/gruppoplinio.it\/mobilekitchen\/wp-json\/wp\/v2\/types\/page"}],"author":[{"embeddable":true,"href":"https:\/\/gruppoplinio.it\/mobilekitchen\/wp-json\/wp\/v2\/users\/3"}],"replies":[{"embeddable":true,"href":"https:\/\/gruppoplinio.it\/mobilekitchen\/wp-json\/wp\/v2\/comments?post=15"}],"version-history":[{"count":6,"href":"https:\/\/gruppoplinio.it\/mobilekitchen\/wp-json\/wp\/v2\/pages\/15\/revisions"}],"predecessor-version":[{"id":76,"href":"https:\/\/gruppoplinio.it\/mobilekitchen\/wp-json\/wp\/v2\/pages\/15\/revisions\/76"}],"wp:attachment":[{"href":"https:\/\/gruppoplinio.it\/mobilekitchen\/wp-json\/wp\/v2\/media?parent=15"}],"curies":[{"name":"wp","href":"https:\/\/api.w.org\/{rel}","templated":true}]}}